{"id":46,"date":"2018-03-15T22:28:01","date_gmt":"2018-03-15T22:28:01","guid":{"rendered":"http:\/\/vygintasorlovas.com\/refinter\/?page_id=46"},"modified":"2018-03-17T10:47:06","modified_gmt":"2018-03-17T10:47:06","slug":"videos","status":"publish","type":"page","link":"https:\/\/vygintasorlovas.com\/refinter\/videos\/","title":{"rendered":"videos"},"content":{"rendered":"<p>iwbiactnle &#8211; <em>Duisburger Akzente<\/em>, Duisburg 2017<\/p>\n<div style=\"width: 640px;\" class=\"wp-video\"><video class=\"wp-video-shortcode\" id=\"video-46-1\" width=\"640\" height=\"360\" preload=\"metadata\" controls=\"controls\"><source type=\"video\/mp4\" src=\"https:\/\/vygintasorlovas.com\/refinter\/wp-content\/uploads\/2018\/03\/video-2017-ref-inter-I-was-born-in-a-country-that-no-longer-exists.-Duisburgas-excerpt.mp4?_=1\" \/><a href=\"https:\/\/vygintasorlovas.com\/refinter\/wp-content\/uploads\/2018\/03\/video-2017-ref-inter-I-was-born-in-a-country-that-no-longer-exists.-Duisburgas-excerpt.mp4\">https:\/\/vygintasorlovas.com\/refinter\/wp-content\/uploads\/2018\/03\/video-2017-ref-inter-I-was-born-in-a-country-that-no-longer-exists.-Duisburgas-excerpt.mp4<\/a><\/video><\/div>\n<p>&nbsp;<\/p>\n<p>re-\/inter &#8211; <em>ideas block<\/em>, Vilnius 2017<\/p>\n<div style=\"width: 640px;\" class=\"wp-video\"><video class=\"wp-video-shortcode\" id=\"video-46-2\" width=\"640\" height=\"360\" preload=\"metadata\" controls=\"controls\"><source type=\"video\/mp4\" src=\"https:\/\/vygintasorlovas.com\/refinter\/wp-content\/uploads\/2018\/03\/video-2017-ref-inter-re-inter-at-Ideas-Block-Vilnius.mp4?_=2\" \/><a href=\"https:\/\/vygintasorlovas.com\/refinter\/wp-content\/uploads\/2018\/03\/video-2017-ref-inter-re-inter-at-Ideas-Block-Vilnius.mp4\">https:\/\/vygintasorlovas.com\/refinter\/wp-content\/uploads\/2018\/03\/video-2017-ref-inter-re-inter-at-Ideas-Block-Vilnius.mp4<\/a><\/video><\/div>\n<p>&nbsp;<\/p>\n<p>apie \u0161i\u0105 nakt\u012f &#8211; gallery <em>Akademija<\/em>, Vilnius 2012<\/p>\n<div style=\"width: 480px;\" class=\"wp-video\"><video class=\"wp-video-shortcode\" id=\"video-46-3\" width=\"480\" height=\"360\" preload=\"metadata\" controls=\"controls\"><source type=\"video\/mp4\" src=\"https:\/\/vygintasorlovas.com\/refinter\/wp-content\/uploads\/2018\/03\/video-2012-atspindziai-interpretacija-apie-sia-nakti.mp4?_=3\" \/><a href=\"https:\/\/vygintasorlovas.com\/refinter\/wp-content\/uploads\/2018\/03\/video-2012-atspindziai-interpretacija-apie-sia-nakti.mp4\">https:\/\/vygintasorlovas.com\/refinter\/wp-content\/uploads\/2018\/03\/video-2012-atspindziai-interpretacija-apie-sia-nakti.mp4<\/a><\/video><\/div>\n<p>&nbsp;<\/p>\n<p>swing swing &#8211; gallery <em>Titanikas<\/em>, Vilnius 2012<\/p>\n<div style=\"width: 270px;\" class=\"wp-video\"><video class=\"wp-video-shortcode\" id=\"video-46-4\" width=\"270\" height=\"360\" preload=\"metadata\" controls=\"controls\"><source type=\"video\/mp4\" src=\"https:\/\/vygintasorlovas.com\/refinter\/wp-content\/uploads\/2018\/03\/video-2012-atspindziai-interpretacija-swing-swing.mp4?_=4\" \/><a href=\"https:\/\/vygintasorlovas.com\/refinter\/wp-content\/uploads\/2018\/03\/video-2012-atspindziai-interpretacija-swing-swing.mp4\">https:\/\/vygintasorlovas.com\/refinter\/wp-content\/uploads\/2018\/03\/video-2012-atspindziai-interpretacija-swing-swing.mp4<\/a><\/video><\/div>\n<p>&nbsp;<\/p>\n<p>atspind\u017eiai\/interpretacija &#8211;<em> insanitus<\/em>, Kaunas 2011<\/p>\n<div style=\"width: 636px;\" class=\"wp-video\"><video class=\"wp-video-shortcode\" id=\"video-46-5\" width=\"636\" height=\"360\" preload=\"metadata\" controls=\"controls\"><source type=\"video\/mp4\" src=\"https:\/\/vygintasorlovas.com\/refinter\/wp-content\/uploads\/2018\/03\/video-2011-atspindziai-interpretacija-gaudesys-insanitus.mp4?_=5\" \/><a href=\"https:\/\/vygintasorlovas.com\/refinter\/wp-content\/uploads\/2018\/03\/video-2011-atspindziai-interpretacija-gaudesys-insanitus.mp4\">https:\/\/vygintasorlovas.com\/refinter\/wp-content\/uploads\/2018\/03\/video-2011-atspindziai-interpretacija-gaudesys-insanitus.mp4<\/a><\/video><\/div>\n","protected":false},"excerpt":{"rendered":"<p>iwbiactnle &#8211; Duisburger Akzente, Duisburg 2017 &nbsp; re-\/inter &#8211; ideas block, Vilnius 2017 &nbsp; apie \u0161i\u0105 nakt\u012f &#8211; gallery Akademija, Vilnius 2012 &nbsp; swing swing &#8211; gallery Titanikas, Vilnius 2012 &nbsp; atspind\u017eiai\/interpretacija &#8211; insanitus, Kaunas 2011<\/p>\n","protected":false},"author":1,"featured_media":0,"parent":0,"menu_order":0,"comment_status":"closed","ping_status":"closed","template":"","meta":{"nf_dc_page":"","om_disable_all_campaigns":false,"footnotes":""},"class_list":["post-46","page","type-page","status-publish","hentry","clearfix"],"jetpack_sharing_enabled":true,"_links":{"self":[{"href":"https:\/\/vygintasorlovas.com\/refinter\/wp-json\/wp\/v2\/pages\/46","targetHints":{"allow":["GET"]}}],"collection":[{"href":"https:\/\/vygintasorlovas.com\/refinter\/wp-json\/wp\/v2\/pages"}],"about":[{"href":"https:\/\/vygintasorlovas.com\/refinter\/wp-json\/wp\/v2\/types\/page"}],"author":[{"embeddable":true,"href":"https:\/\/vygintasorlovas.com\/refinter\/wp-json\/wp\/v2\/users\/1"}],"replies":[{"embeddable":true,"href":"https:\/\/vygintasorlovas.com\/refinter\/wp-json\/wp\/v2\/comments?post=46"}],"version-history":[{"count":5,"href":"https:\/\/vygintasorlovas.com\/refinter\/wp-json\/wp\/v2\/pages\/46\/revisions"}],"predecessor-version":[{"id":102,"href":"https:\/\/vygintasorlovas.com\/refinter\/wp-json\/wp\/v2\/pages\/46\/revisions\/102"}],"wp:attachment":[{"href":"https:\/\/vygintasorlovas.com\/refinter\/wp-json\/wp\/v2\/media?parent=46"}],"curies":[{"name":"wp","href":"https:\/\/api.w.org\/{rel}","templated":true}]}}